{"id":3,"date":"2021-06-16T21:23:30","date_gmt":"2021-06-16T19:23:30","guid":{"rendered":"https:\/\/www.geraldmueller.de\/?page_id=3"},"modified":"2025-03-24T19:11:40","modified_gmt":"2025-03-24T18:11:40","slug":"datenschutzerklaerung","status":"publish","type":"page","link":"https:\/\/www.geraldmueller.de\/index.php\/datenschutzerklaerung\/","title":{"rendered":"Datenschutzerkl\u00e4rung"},"content":{"rendered":"<pre><strong>Datenschutzerkl\u00e4rung\r\n<\/strong>\r\n<strong>1. Verantwortlicher f\u00fcr die Datenverarbeitung<\/strong>\r\nVerantwortlich f\u00fcr die Erhebung, Verarbeitung und Nutzung Ihrer personenbezogenen Daten im Sinne der Datenschutz-Grundverordnung (DSGVO) ist\r\nGerald M\u00fcller\u2028\r\nwww.geraldmueller.de\u2028\r\nGernsbacher Stra\u00dfe 22\u2028\r\n76530 Baden-Baden\u2028\r\nDeutschland\r\nTelefon +49 176 63492936\r\nE-Mail kontakt@geraldmueller.de\r\n<strong>\r\n2. Erhebung und Speicherung personenbezogener Daten sowie Art und Zweck ihrer Verwendung<\/strong>\r\na) Beim Besuch der Website\r\nBeim Aufrufen unserer Website www.geraldmueller.de werden durch den auf Ihrem Endger\u00e4t zum Einsatz kommenden Browser automatisch Informationen \r\nan den Server unserer Website gesendet. Diese Informationen werden tempor\u00e4r in einem sogenannten Logfile gespeichert. Folgende Informationen \r\nwerden dabei ohne Ihr Zutun erfasst und bis zur automatisierten L\u00f6schung gespeichert:\r\n\u2022 IP-Adresse des anfragenden Rechners\r\n\u2022 Datum und Uhrzeit des Zugriffs\r\n\u2022 Name und URL der abgerufenen Datei\r\n\u2022 Website, von der aus der Zugriff erfolgt (Referrer-URL)\r\n\u2022 verwendeter Browser und ggf. das Betriebssystem Ihres Rechners sowie der Name Ihres Access-Providers\r\nDie genannten Daten werden durch uns zu folgenden Zwecken verarbeitet:\r\n\u2022 Gew\u00e4hrleistung eines reibungslosen Verbindungsaufbaus der Website\r\n\u2022 Gew\u00e4hrleistung einer komfortablen Nutzung unserer Website\r\n\u2022 Auswertung der Systemsicherheit und -stabilit\u00e4t\r\n\u2022 Weitere administrative Zwecke\r\nDie Rechtsgrundlage f\u00fcr die Datenverarbeitung ist Art. 6 Abs. 1 S. 1 lit. f DSGVO. Unser berechtigtes Interesse folgt aus den oben genannten Zwecken der Datenerhebung.\r\nb) Bei der Nutzung unseres Webshops\r\nWenn Sie in unserem Webshop bestellen, erheben wir personenbezogene Daten wie:\r\n\u2022 Name\r\n\u2022 Adresse\r\n\u2022 E-Mail-Adresse\r\n\u2022 Telefonnummer (optional)\r\n\u2022 Zahlungsinformationen\r\nWir ben\u00f6tigen diese Daten, um den Vertrag mit Ihnen abzuwickeln und die bestellten Produkte zu liefern. Die Rechtsgrundlage f\u00fcr diese Verarbeitung \r\nist Art. 6 Abs. 1 S. 1 lit. b DSGVO (Vertragsdurchf\u00fchrung).\r\n<strong>\r\n3. Weitergabe von Daten<\/strong>\r\nIhre personenbezogenen Daten werden nur dann an Dritte weitergegeben, wenn dies zum Zwecke der Vertragsabwicklung erforderlich ist, \r\nbeispielsweise an die mit der Lieferung beauftragten Versandunternehmen oder an das mit der Zahlungsabwicklung beauftragte Kreditinstitut.\r\nDar\u00fcber hinaus erfolgt eine Weitergabe Ihrer Daten nur, wenn Sie zuvor ausdr\u00fccklich eingewilligt haben oder eine gesetzliche \r\nVerpflichtung zur Weitergabe besteht.\r\n<strong>\r\n4. Cookies<\/strong>\r\nUnsere Website verwendet Cookies. Cookies sind kleine Textdateien, die auf Ihrem Endger\u00e4t gespeichert werden und die Ihr Browser speichert. \r\nSie richten auf Ihrem Rechner keinen Schaden an und enthalten keine Viren. Sie dienen dazu, unsere Website nutzerfreundlicher, \r\neffektiver und sicherer zu machen. Einige der von uns verwendeten Cookies sind sogenannte \"Session-Cookies\". Sie werden nach Ende Ihres Besuchs automatisch gel\u00f6scht. \r\nAndere Cookies bleiben auf Ihrem Endger\u00e4t gespeichert, bis Sie diese l\u00f6schen. Diese Cookies erm\u00f6glichen es uns, Ihren Browser beim n\u00e4chsten Besuch wiederzuerkennen.\r\nSie k\u00f6nnen die Speicherung von Cookies durch eine entsprechende Einstellung Ihrer Browser-Software verhindern; \r\nwir weisen jedoch darauf hin, dass Sie in diesem Fall gegebenenfalls nicht s\u00e4mtliche Funktionen dieser Website vollumf\u00e4nglich nutzen k\u00f6nnen.\r\n<strong>\r\n5. Ihre Rechte<\/strong>\r\nSie haben das Recht:\r\n\u2022 Auskunft \u00fcber die von uns \u00fcber Sie gespeicherten personenbezogenen Daten zu erhalten (Art. 15 DSGVO).\r\n\u2022 Die Berichtigung oder Vervollst\u00e4ndigung Ihrer personenbezogenen Daten zu verlangen (Art. 16 DSGVO).\r\n\u2022 Die L\u00f6schung Ihrer personenbezogenen Daten zu verlangen (Art. 17 DSGVO), sofern keine gesetzliche Aufbewahrungspflicht besteht.\r\n\u2022 Die Einschr\u00e4nkung der Verarbeitung Ihrer personenbezogenen Daten zu verlangen (Art. 18 DSGVO).\r\n\u2022 Der Verarbeitung Ihrer personenbezogenen Daten unter bestimmten Voraussetzungen zu widersprechen (Art. 21 DSGVO).\r\n\u2022 Ihre Einwilligung zur Verarbeitung Ihrer personenbezogenen Daten jederzeit zu widerrufen, ohne dass die Rechtm\u00e4\u00dfigkeit der bis dahin \r\nerfolgten Verarbeitung ber\u00fchrt wird.\r\n\u2022 Wenn Sie der Meinung sind, dass die Verarbeitung Ihrer personenbezogenen Daten gegen die DSGVO verst\u00f6\u00dft, haben Sie das Recht, \r\nbei einer Aufsichtsbeh\u00f6rde Beschwerde einzulegen (Art. 77 DSGVO).\r\n<strong>\r\n6. Datenaufbewahrung und -sicherheit<\/strong>\r\nWir speichern Ihre personenbezogenen Daten nur so lange, wie es f\u00fcr die Erf\u00fcllung der oben genannten Zwecke erforderlich ist \r\noder gesetzlich vorgeschrieben ist.\r\nUnsere Website und alle gespeicherten Daten werden durch technische und organisatorische Sicherheitsma\u00dfnahmen gesch\u00fctzt, \r\num einen Verlust oder Missbrauch der Daten zu verhindern.\r\n\r\n<strong>7. \u00c4nderung dieser Datenschutzerkl\u00e4rung<\/strong>\r\nWir behalten uns vor, diese Datenschutzerkl\u00e4rung von Zeit zu Zeit zu aktualisieren. Eine neue Version wird auf dieser Seite ver\u00f6ffentlicht. \r\nBitte \u00fcberpr\u00fcfen Sie regelm\u00e4\u00dfig diese Seite, um \u00fcber die aktuelle Datenschutzerkl\u00e4rung informiert zu bleiben.\r\n<strong>\r\n8. Kontakt f\u00fcr Datenschutzanfragen<\/strong>\r\nF\u00fcr Fragen zum Datenschutz oder zur Aus\u00fcbung Ihrer Rechte wenden Sie sich bitte an\r\nGerald M\u00fcller\r\n\u2028Gernsbacher Stra\u00dfe 22\u2028\r\n76530 Baden-Baden\u2028\r\nDeutschland\u2028\r\nE-Mail kontakt@geraldmueller.de<\/pre>\n","protected":false},"excerpt":{"rendered":"<p>Datenschutzerkl\u00e4rung 1. Verantwortlicher f\u00fcr die Datenverarbeitung Verantwortlich f\u00fcr die Erhebung, Verarbeitung und Nutzung Ihrer personenbezogenen Daten im Sinne der Datenschutz-Grundverordnung (DSGVO) ist Gerald M\u00fcller\u2028 www.geraldmueller.de\u2028 Gernsbacher Stra\u00dfe 22\u2028 76530 Baden-Baden\u2028 Deutschland Telefon +49 176 63492936 E-Mail kontakt@geraldmueller.de 2. Erhebung und Speicherung personenbezogener Daten sowie Art und Zweck ihrer Verwendung a) Beim Besuch der Website Beim Aufrufen unserer Website www.geraldmueller.de werden durch den auf Ihrem Endger\u00e4t zum Einsatz kommenden Browser automatisch Informationen an den Server unserer Website gesendet. Diese Informationen werden tempor\u00e4r in einem sogenannten Logfile gespeichert. Folgende Informationen werden dabei ohne Ihr Zutun erfasst und bis zur automatisierten L\u00f6schung gespeichert: \u2022 IP-Adresse des anfragenden Rechners \u2022 Datum und Uhrzeit des Zugriffs \u2022 Name und URL der abgerufenen Datei \u2022 Website, von der aus der Zugriff erfolgt (Referrer-URL) \u2022 verwendeter Browser und ggf. das Betriebssystem Ihres Rechners sowie der Name Ihres Access-Providers Die genannten Daten werden durch uns zu folgenden Zwecken verarbeitet: \u2022 Gew\u00e4hrleistung eines reibungslosen Verbindungsaufbaus der Website \u2022 Gew\u00e4hrleistung einer komfortablen Nutzung unserer Website \u2022 Auswertung der Systemsicherheit und -stabilit\u00e4t \u2022 Weitere administrative Zwecke Die Rechtsgrundlage f\u00fcr die Datenverarbeitung ist Art. 6 Abs. 1 S. 1 lit. f DSGVO. Unser berechtigtes Interesse folgt aus den oben genannten Zwecken der [&hellip;]<\/p>\n","protected":false},"author":1,"featured_media":0,"parent":0,"menu_order":0,"comment_status":"closed","ping_status":"closed","template":"","meta":{"footnotes":""},"class_list":["post-3","page","type-page","status-publish","hentry"],"aioseo_notices":[],"jetpack_sharing_enabled":true,"_links":{"self":[{"href":"https:\/\/www.geraldmueller.de\/index.php\/wp-json\/wp\/v2\/pages\/3","targetHints":{"allow":["GET"]}}],"collection":[{"href":"https:\/\/www.geraldmueller.de\/index.php\/wp-json\/wp\/v2\/pages"}],"about":[{"href":"https:\/\/www.geraldmueller.de\/index.php\/wp-json\/wp\/v2\/types\/page"}],"author":[{"embeddable":true,"href":"https:\/\/www.geraldmueller.de\/index.php\/wp-json\/wp\/v2\/users\/1"}],"replies":[{"embeddable":true,"href":"https:\/\/www.geraldmueller.de\/index.php\/wp-json\/wp\/v2\/comments?post=3"}],"version-history":[{"count":11,"href":"https:\/\/www.geraldmueller.de\/index.php\/wp-json\/wp\/v2\/pages\/3\/revisions"}],"predecessor-version":[{"id":3843,"href":"https:\/\/www.geraldmueller.de\/index.php\/wp-json\/wp\/v2\/pages\/3\/revisions\/3843"}],"wp:attachment":[{"href":"https:\/\/www.geraldmueller.de\/index.php\/wp-json\/wp\/v2\/media?parent=3"}],"curies":[{"name":"wp","href":"https:\/\/api.w.org\/{rel}","templated":true}]}}